{"id":18,"date":"2024-06-17T13:59:07","date_gmt":"2024-06-17T11:59:07","guid":{"rendered":"https:\/\/www.cabinet-art-therapie.fr\/?page_id=18"},"modified":"2024-08-18T18:21:01","modified_gmt":"2024-08-18T16:21:01","slug":"vos-seances","status":"publish","type":"page","link":"https:\/\/cabinet-art-therapie.fr\/index.php\/vos-seances\/","title":{"rendered":"Vos s\u00e9ances"},"content":{"rendered":"\n<p>Respect, Bienveillance, Non jugement et Confidentialit\u00e9 constituent les fondations m\u00eames de mes s\u00e9ances en atelier.<\/p>\n\n\n\n<p>Lors de notre rencontre, apr\u00e8s m\u2019avoir expos\u00e9 votre situation, nous \u00e9tudierons ensemble la strat\u00e9gie la mieux adapt\u00e9e pour favoriser la lib\u00e9ration des \u00e9motions, des sch\u00e9mas de pens\u00e9e et des comportements qui p\u00e9nalisent votre qualit\u00e9 de vie.<\/p>\n\n\n\n<p>Chaque s\u00e9ance\u00a0vous\u00a0permettra d\u2019aller un peu plus loin sur le chemin de votre transformation personnelle. C\u2019est pourquoi\u00a0je mets l\u2019accent sur la relation th\u00e9rapeutique, favorisant au maximum un espace s\u00fbr, o\u00f9 vous serez entendu, compris et respect\u00e9.<\/p>\n\n\n\n<p>Chacun de vous \u00e9tant unique, il n\u2019y pas une mani\u00e8re de proc\u00e9der identique de sorte que chaque s\u00e9ance en atelier vous est tout sp\u00e9cialement d\u00e9di\u00e9e, et n\u2019est con\u00e7ue que pour vous.<\/p>\n\n\n\n<p>Je vous encourage \u00e0 prendre conscience de vos \u00e9motions, de vos besoins et de vos valeurs, \u00e0 trouver des solutions et des ressources qui vous sont propres.<\/p>\n\n\n\n<p>Je favorise votre confiance en vous-m\u00eame et en vos comp\u00e9tences pour vous permettre de (re)prendre le contr\u00f4le de votre vie, r\u00e9soudre vos probl\u00e8mes et de vous r\u00e9aliser<\/p>\n\n\n\n<p>Dans le cadre d\u2019un atelier de groupe, c\u2019est la dynamique de celui-ci qui profite \u00e0 l\u2019individu seul, l\u2019objectif \u00e9tant alors la relation de soi aux autres, des autres \u00e0 soi.<\/p>\n\n\n\n<p>L\u2019atelier est un espace d\u00e9di\u00e9 \u00e0 l\u2019acte de cr\u00e9er&nbsp;; cr\u00e9er c\u2019est agir, c\u2019est se mettre en mouvement&nbsp;;&nbsp; agir c\u2019est faire des choix,&nbsp;c\u2019est s\u2019ancrer dans l\u2019instant pr\u00e9sent.<\/p>\n\n\n\n<p>La cr\u00e9ativit\u00e9 \u00e9tant le champ de tous les possibles, du l\u00e2cher prise.<\/p>\n","protected":false},"excerpt":{"rendered":"<p>Respect, Bienveillance, Non jugement et Confidentialit\u00e9 constituent les fondations m\u00eames de mes s\u00e9ances en atelier. Lors de notre rencontre, apr\u00e8s m\u2019avoir expos\u00e9 votre situation, nous &hellip;<\/p>\n","protected":false},"author":1,"featured_media":0,"parent":0,"menu_order":0,"comment_status":"closed","ping_status":"closed","template":"","meta":{"footnotes":""},"class_list":["post-18","page","type-page","status-publish","hentry"],"yoast_head":"<!-- This site is optimized with the Yoast SEO plugin v23.3 - https:\/\/yoast.com\/wordpress\/plugins\/seo\/ -->\n<title>Vos s\u00e9ances - Cabinet d&#039;Art Th\u00e9rapie<\/title>\n<meta name=\"robots\" content=\"index, follow, max-snippet:-1, max-image-preview:large, max-video-preview:-1\" \/>\n<link rel=\"canonical\" href=\"https:\/\/cabinet-art-therapie.fr\/index.php\/vos-seances\/\" \/>\n<meta property=\"og:locale\" content=\"fr_FR\" \/>\n<meta property=\"og:type\" content=\"article\" \/>\n<meta property=\"og:title\" content=\"Vos s\u00e9ances - Cabinet d&#039;Art Th\u00e9rapie\" \/>\n<meta property=\"og:description\" content=\"Respect, Bienveillance, Non jugement et Confidentialit\u00e9 constituent les fondations m\u00eames de mes s\u00e9ances en atelier. Lors de notre rencontre, apr\u00e8s m\u2019avoir expos\u00e9 votre situation, nous &hellip;\" \/>\n<meta property=\"og:url\" content=\"https:\/\/cabinet-art-therapie.fr\/index.php\/vos-seances\/\" \/>\n<meta property=\"og:site_name\" content=\"Cabinet d&#039;Art Th\u00e9rapie\" \/>\n<meta property=\"article:modified_time\" content=\"2024-08-18T16:21:01+00:00\" \/>\n<meta name=\"twitter:card\" content=\"summary_large_image\" \/>\n<meta name=\"twitter:label1\" content=\"Dur\u00e9e de lecture estim\u00e9e\" \/>\n\t<meta name=\"twitter:data1\" content=\"1 minute\" \/>\n<script type=\"application\/ld+json\" class=\"yoast-schema-graph\">{\"@context\":\"https:\/\/schema.org\",\"@graph\":[{\"@type\":\"WebPage\",\"@id\":\"https:\/\/cabinet-art-therapie.fr\/index.php\/vos-seances\/\",\"url\":\"https:\/\/cabinet-art-therapie.fr\/index.php\/vos-seances\/\",\"name\":\"Vos s\u00e9ances - Cabinet d&#039;Art Th\u00e9rapie\",\"isPartOf\":{\"@id\":\"https:\/\/cabinet-art-therapie.fr\/#website\"},\"datePublished\":\"2024-06-17T11:59:07+00:00\",\"dateModified\":\"2024-08-18T16:21:01+00:00\",\"breadcrumb\":{\"@id\":\"https:\/\/cabinet-art-therapie.fr\/index.php\/vos-seances\/#breadcrumb\"},\"inLanguage\":\"fr-FR\",\"potentialAction\":[{\"@type\":\"ReadAction\",\"target\":[\"https:\/\/cabinet-art-therapie.fr\/index.php\/vos-seances\/\"]}]},{\"@type\":\"BreadcrumbList\",\"@id\":\"https:\/\/cabinet-art-therapie.fr\/index.php\/vos-seances\/#breadcrumb\",\"itemListElement\":[{\"@type\":\"ListItem\",\"position\":1,\"name\":\"Accueil\",\"item\":\"https:\/\/cabinet-art-therapie.fr\/\"},{\"@type\":\"ListItem\",\"position\":2,\"name\":\"Vos s\u00e9ances\"}]},{\"@type\":\"WebSite\",\"@id\":\"https:\/\/cabinet-art-therapie.fr\/#website\",\"url\":\"https:\/\/cabinet-art-therapie.fr\/\",\"name\":\"Cabinet d'Art Th\u00e9rapie\",\"description\":\"Cr\u00e9er c&#039;est Agir, Agir c&#039;est se mettre en Mouvement, \u00eatre en Mouvement c&#039;est Vivre\",\"publisher\":{\"@id\":\"https:\/\/cabinet-art-therapie.fr\/#organization\"},\"potentialAction\":[{\"@type\":\"SearchAction\",\"target\":{\"@type\":\"EntryPoint\",\"urlTemplate\":\"https:\/\/cabinet-art-therapie.fr\/?s={search_term_string}\"},\"query-input\":\"required name=search_term_string\"}],\"inLanguage\":\"fr-FR\"},{\"@type\":\"Organization\",\"@id\":\"https:\/\/cabinet-art-therapie.fr\/#organization\",\"name\":\"Cabinet d'Art Th\u00e9rapie\",\"url\":\"https:\/\/cabinet-art-therapie.fr\/\",\"logo\":{\"@type\":\"ImageObject\",\"inLanguage\":\"fr-FR\",\"@id\":\"https:\/\/cabinet-art-therapie.fr\/#\/schema\/logo\/image\/\",\"url\":\"https:\/\/cabinet-art-therapie.fr\/wp-content\/uploads\/2024\/06\/1714322539760-copie.jpg\",\"contentUrl\":\"https:\/\/cabinet-art-therapie.fr\/wp-content\/uploads\/2024\/06\/1714322539760-copie.jpg\",\"width\":438,\"height\":440,\"caption\":\"Cabinet d'Art Th\u00e9rapie\"},\"image\":{\"@id\":\"https:\/\/cabinet-art-therapie.fr\/#\/schema\/logo\/image\/\"}}]}<\/script>\n<!-- \/ Yoast SEO plugin. -->","yoast_head_json":{"title":"Vos s\u00e9ances - Cabinet d&#039;Art Th\u00e9rapie","robots":{"index":"index","follow":"follow","max-snippet":"max-snippet:-1","max-image-preview":"max-image-preview:large","max-video-preview":"max-video-preview:-1"},"canonical":"https:\/\/cabinet-art-therapie.fr\/index.php\/vos-seances\/","og_locale":"fr_FR","og_type":"article","og_title":"Vos s\u00e9ances - Cabinet d&#039;Art Th\u00e9rapie","og_description":"Respect, Bienveillance, Non jugement et Confidentialit\u00e9 constituent les fondations m\u00eames de mes s\u00e9ances en atelier. Lors de notre rencontre, apr\u00e8s m\u2019avoir expos\u00e9 votre situation, nous &hellip;","og_url":"https:\/\/cabinet-art-therapie.fr\/index.php\/vos-seances\/","og_site_name":"Cabinet d&#039;Art Th\u00e9rapie","article_modified_time":"2024-08-18T16:21:01+00:00","twitter_card":"summary_large_image","twitter_misc":{"Dur\u00e9e de lecture estim\u00e9e":"1 minute"},"schema":{"@context":"https:\/\/schema.org","@graph":[{"@type":"WebPage","@id":"https:\/\/cabinet-art-therapie.fr\/index.php\/vos-seances\/","url":"https:\/\/cabinet-art-therapie.fr\/index.php\/vos-seances\/","name":"Vos s\u00e9ances - Cabinet d&#039;Art Th\u00e9rapie","isPartOf":{"@id":"https:\/\/cabinet-art-therapie.fr\/#website"},"datePublished":"2024-06-17T11:59:07+00:00","dateModified":"2024-08-18T16:21:01+00:00","breadcrumb":{"@id":"https:\/\/cabinet-art-therapie.fr\/index.php\/vos-seances\/#breadcrumb"},"inLanguage":"fr-FR","potentialAction":[{"@type":"ReadAction","target":["https:\/\/cabinet-art-therapie.fr\/index.php\/vos-seances\/"]}]},{"@type":"BreadcrumbList","@id":"https:\/\/cabinet-art-therapie.fr\/index.php\/vos-seances\/#breadcrumb","itemListElement":[{"@type":"ListItem","position":1,"name":"Accueil","item":"https:\/\/cabinet-art-therapie.fr\/"},{"@type":"ListItem","position":2,"name":"Vos s\u00e9ances"}]},{"@type":"WebSite","@id":"https:\/\/cabinet-art-therapie.fr\/#website","url":"https:\/\/cabinet-art-therapie.fr\/","name":"Cabinet d'Art Th\u00e9rapie","description":"Cr\u00e9er c&#039;est Agir, Agir c&#039;est se mettre en Mouvement, \u00eatre en Mouvement c&#039;est Vivre","publisher":{"@id":"https:\/\/cabinet-art-therapie.fr\/#organization"},"potentialAction":[{"@type":"SearchAction","target":{"@type":"EntryPoint","urlTemplate":"https:\/\/cabinet-art-therapie.fr\/?s={search_term_string}"},"query-input":"required name=search_term_string"}],"inLanguage":"fr-FR"},{"@type":"Organization","@id":"https:\/\/cabinet-art-therapie.fr\/#organization","name":"Cabinet d'Art Th\u00e9rapie","url":"https:\/\/cabinet-art-therapie.fr\/","logo":{"@type":"ImageObject","inLanguage":"fr-FR","@id":"https:\/\/cabinet-art-therapie.fr\/#\/schema\/logo\/image\/","url":"https:\/\/cabinet-art-therapie.fr\/wp-content\/uploads\/2024\/06\/1714322539760-copie.jpg","contentUrl":"https:\/\/cabinet-art-therapie.fr\/wp-content\/uploads\/2024\/06\/1714322539760-copie.jpg","width":438,"height":440,"caption":"Cabinet d'Art Th\u00e9rapie"},"image":{"@id":"https:\/\/cabinet-art-therapie.fr\/#\/schema\/logo\/image\/"}}]}},"_links":{"self":[{"href":"https:\/\/cabinet-art-therapie.fr\/index.php\/wp-json\/wp\/v2\/pages\/18","targetHints":{"allow":["GET"]}}],"collection":[{"href":"https:\/\/cabinet-art-therapie.fr\/index.php\/wp-json\/wp\/v2\/pages"}],"about":[{"href":"https:\/\/cabinet-art-therapie.fr\/index.php\/wp-json\/wp\/v2\/types\/page"}],"author":[{"embeddable":true,"href":"https:\/\/cabinet-art-therapie.fr\/index.php\/wp-json\/wp\/v2\/users\/1"}],"replies":[{"embeddable":true,"href":"https:\/\/cabinet-art-therapie.fr\/index.php\/wp-json\/wp\/v2\/comments?post=18"}],"version-history":[{"count":4,"href":"https:\/\/cabinet-art-therapie.fr\/index.php\/wp-json\/wp\/v2\/pages\/18\/revisions"}],"predecessor-version":[{"id":53,"href":"https:\/\/cabinet-art-therapie.fr\/index.php\/wp-json\/wp\/v2\/pages\/18\/revisions\/53"}],"wp:attachment":[{"href":"https:\/\/cabinet-art-therapie.fr\/index.php\/wp-json\/wp\/v2\/media?parent=18"}],"curies":[{"name":"wp","href":"https:\/\/api.w.org\/{rel}","templated":true}]}}