{"id":2,"date":"2024-01-05T09:21:27","date_gmt":"2024-01-05T08:21:27","guid":{"rendered":"https:\/\/www.cabinet-art-therapie.fr\/?page_id=2"},"modified":"2024-08-20T20:42:11","modified_gmt":"2024-08-20T18:42:11","slug":"accueil","status":"publish","type":"page","link":"https:\/\/cabinet-art-therapie.fr\/","title":{"rendered":"L&rsquo;Art Th\u00e9rapie"},"content":{"rendered":"\n<p>Je me suis form\u00e9e \u00e0 l\u2019Art Th\u00e9rapie pour vous accompagner, lorsqu\u2019au cours de votre existence, vous serez confront\u00e9 \u00e0 un mal \u00eatre (dont l\u2019origine peut \u00eatre connue ou inconnue) qui limite ou invalide votre existence.<\/p>\n\n\n\n<p>Pour cela, j\u2019utilise diff\u00e9rents m\u00e9diums artistiques (collages, dessins, peinture, modelage, musique, danse, \u00e9criture \u2026.) dont il n\u2019est pas du tout n\u00e9cessaire pour vous d\u2019en connaitre les techniques ou le maniement, puisque c\u2019est le processus cr\u00e9atif qui vous permettra d\u2019exprimer vos \u00e9motions les plus profondes, afin de favoriser leur transformation, laissant alors la place \u00e0 des forces, des ressources.<\/p>\n\n\n\n<p>Ainsi, peuvent \u00eatre accompagn\u00e9es les p\u00e9nalit\u00e9s de vie li\u00e9es \u00e0&nbsp;:<\/p>\n\n\n\n<ul class=\"wp-block-list\">\n<li>Toutes celles qui ont un impact n\u00e9gatif sur votre \u00e9nergie, votre dynamisme, votre capacit\u00e9 \u00e0 \u00eatre \u2026<\/li>\n\n\n\n<li>Burn out, d\u00e9prime, d\u00e9pression (avec hospitalisation ou non)<\/li>\n\n\n\n<li>D\u00e9c\u00e8s, fin de vie proche,<\/li>\n\n\n\n<li>Violences physiques, psychologiques, harc\u00e8lement \u2026<\/li>\n\n\n\n<li>Relations aux autres \/ aidance (Alzheimer, autisme, schizophr\u00e9nie, phobie, timidit\u00e9)<\/li>\n\n\n\n<li>Addictions<\/li>\n\n\n\n<li>Difficult\u00e9s sociales (immigration, analphab\u00e9tisme, ch\u00f4mage\u2026)<\/li>\n\n\n\n<li>Difficult\u00e9s m\u00e9dicales (AVC, amputations, oncologie, fertilit\u00e9 \u2026)<\/li>\n<\/ul>\n\n\n\n<p>L\u2019Art Th\u00e9rapie permet alors la captation de vos perceptions n\u00e9gatives, leur mise \u00e0 distance, pour en faciliter leur transformation, laissant ainsi circuler une \u00e9nergie nouvelle, n\u00e9cessaire \u00e0 votre bien \u00eatre, indispensable \u00e0 la poursuite de votre existence.<\/p>\n\n\n\n<blockquote class=\"wp-block-quote is-layout-flow wp-block-quote-is-layout-flow\">\n<p><\/p>\n<\/blockquote>\n","protected":false},"excerpt":{"rendered":"<p>Je me suis form\u00e9e \u00e0 l\u2019Art Th\u00e9rapie pour vous accompagner, lorsqu\u2019au cours de votre existence, vous serez confront\u00e9 \u00e0 un mal \u00eatre (dont l\u2019origine peut &hellip;<\/p>\n","protected":false},"author":1,"featured_media":0,"parent":0,"menu_order":0,"comment_status":"closed","ping_status":"open","template":"","meta":{"footnotes":""},"class_list":["post-2","page","type-page","status-publish","hentry"],"yoast_head":"<!-- This site is optimized with the Yoast SEO plugin v23.3 - https:\/\/yoast.com\/wordpress\/plugins\/seo\/ -->\n<title>Fr\u00e9d\u00e9rique MASSON - Cabinet d&#039;Art Th\u00e9rapie<\/title>\n<meta name=\"description\" content=\"Fr\u00e9d\u00e9rique MASSON, passionn\u00e9e par le psychisme humain et les effets du cerveau sur nos ressentis form\u00e9e \u00e0 l\u2019Art Th\u00e9rapie.\" \/>\n<meta name=\"robots\" content=\"index, follow, max-snippet:-1, max-image-preview:large, max-video-preview:-1\" \/>\n<link rel=\"canonical\" href=\"https:\/\/cabinet-art-therapie.fr\/\" \/>\n<meta property=\"og:locale\" content=\"fr_FR\" \/>\n<meta property=\"og:type\" content=\"article\" \/>\n<meta property=\"og:title\" content=\"Fr\u00e9d\u00e9rique MASSON - Cabinet d&#039;Art Th\u00e9rapie\" \/>\n<meta property=\"og:description\" content=\"Fr\u00e9d\u00e9rique MASSON, passionn\u00e9e par le psychisme humain et les effets du cerveau sur nos ressentis form\u00e9e \u00e0 l\u2019Art Th\u00e9rapie.\" \/>\n<meta property=\"og:url\" content=\"https:\/\/cabinet-art-therapie.fr\/\" \/>\n<meta property=\"og:site_name\" content=\"Cabinet d&#039;Art Th\u00e9rapie\" \/>\n<meta property=\"article:modified_time\" content=\"2024-08-20T18:42:11+00:00\" \/>\n<meta name=\"twitter:card\" content=\"summary_large_image\" \/>\n<meta name=\"twitter:label1\" content=\"Dur\u00e9e de lecture estim\u00e9e\" \/>\n\t<meta name=\"twitter:data1\" content=\"1 minute\" \/>\n<script type=\"application\/ld+json\" class=\"yoast-schema-graph\">{\"@context\":\"https:\/\/schema.org\",\"@graph\":[{\"@type\":\"WebPage\",\"@id\":\"https:\/\/cabinet-art-therapie.fr\/\",\"url\":\"https:\/\/cabinet-art-therapie.fr\/\",\"name\":\"Fr\u00e9d\u00e9rique MASSON - Cabinet d&#039;Art Th\u00e9rapie\",\"isPartOf\":{\"@id\":\"https:\/\/cabinet-art-therapie.fr\/#website\"},\"datePublished\":\"2024-01-05T08:21:27+00:00\",\"dateModified\":\"2024-08-20T18:42:11+00:00\",\"description\":\"Fr\u00e9d\u00e9rique MASSON, passionn\u00e9e par le psychisme humain et les effets du cerveau sur nos ressentis form\u00e9e \u00e0 l\u2019Art Th\u00e9rapie.\",\"breadcrumb\":{\"@id\":\"https:\/\/cabinet-art-therapie.fr\/#breadcrumb\"},\"inLanguage\":\"fr-FR\",\"potentialAction\":[{\"@type\":\"ReadAction\",\"target\":[\"https:\/\/cabinet-art-therapie.fr\/\"]}]},{\"@type\":\"BreadcrumbList\",\"@id\":\"https:\/\/cabinet-art-therapie.fr\/#breadcrumb\",\"itemListElement\":[{\"@type\":\"ListItem\",\"position\":1,\"name\":\"Accueil\",\"item\":\"https:\/\/cabinet-art-therapie.fr\/\"},{\"@type\":\"ListItem\",\"position\":2,\"name\":\"L&rsquo;Art Th\u00e9rapie\"}]},{\"@type\":\"WebSite\",\"@id\":\"https:\/\/cabinet-art-therapie.fr\/#website\",\"url\":\"https:\/\/cabinet-art-therapie.fr\/\",\"name\":\"Cabinet d'Art Th\u00e9rapie\",\"description\":\"Cr\u00e9er c&#039;est Agir, Agir c&#039;est se mettre en Mouvement, \u00eatre en Mouvement c&#039;est Vivre\",\"publisher\":{\"@id\":\"https:\/\/cabinet-art-therapie.fr\/#organization\"},\"potentialAction\":[{\"@type\":\"SearchAction\",\"target\":{\"@type\":\"EntryPoint\",\"urlTemplate\":\"https:\/\/cabinet-art-therapie.fr\/?s={search_term_string}\"},\"query-input\":\"required name=search_term_string\"}],\"inLanguage\":\"fr-FR\"},{\"@type\":\"Organization\",\"@id\":\"https:\/\/cabinet-art-therapie.fr\/#organization\",\"name\":\"Cabinet d'Art Th\u00e9rapie\",\"url\":\"https:\/\/cabinet-art-therapie.fr\/\",\"logo\":{\"@type\":\"ImageObject\",\"inLanguage\":\"fr-FR\",\"@id\":\"https:\/\/cabinet-art-therapie.fr\/#\/schema\/logo\/image\/\",\"url\":\"https:\/\/cabinet-art-therapie.fr\/wp-content\/uploads\/2024\/06\/1714322539760-copie.jpg\",\"contentUrl\":\"https:\/\/cabinet-art-therapie.fr\/wp-content\/uploads\/2024\/06\/1714322539760-copie.jpg\",\"width\":438,\"height\":440,\"caption\":\"Cabinet d'Art Th\u00e9rapie\"},\"image\":{\"@id\":\"https:\/\/cabinet-art-therapie.fr\/#\/schema\/logo\/image\/\"}}]}<\/script>\n<!-- \/ Yoast SEO plugin. -->","yoast_head_json":{"title":"Fr\u00e9d\u00e9rique MASSON - Cabinet d&#039;Art Th\u00e9rapie","description":"Fr\u00e9d\u00e9rique MASSON, passionn\u00e9e par le psychisme humain et les effets du cerveau sur nos ressentis form\u00e9e \u00e0 l\u2019Art Th\u00e9rapie.","robots":{"index":"index","follow":"follow","max-snippet":"max-snippet:-1","max-image-preview":"max-image-preview:large","max-video-preview":"max-video-preview:-1"},"canonical":"https:\/\/cabinet-art-therapie.fr\/","og_locale":"fr_FR","og_type":"article","og_title":"Fr\u00e9d\u00e9rique MASSON - Cabinet d&#039;Art Th\u00e9rapie","og_description":"Fr\u00e9d\u00e9rique MASSON, passionn\u00e9e par le psychisme humain et les effets du cerveau sur nos ressentis form\u00e9e \u00e0 l\u2019Art Th\u00e9rapie.","og_url":"https:\/\/cabinet-art-therapie.fr\/","og_site_name":"Cabinet d&#039;Art Th\u00e9rapie","article_modified_time":"2024-08-20T18:42:11+00:00","twitter_card":"summary_large_image","twitter_misc":{"Dur\u00e9e de lecture estim\u00e9e":"1 minute"},"schema":{"@context":"https:\/\/schema.org","@graph":[{"@type":"WebPage","@id":"https:\/\/cabinet-art-therapie.fr\/","url":"https:\/\/cabinet-art-therapie.fr\/","name":"Fr\u00e9d\u00e9rique MASSON - Cabinet d&#039;Art Th\u00e9rapie","isPartOf":{"@id":"https:\/\/cabinet-art-therapie.fr\/#website"},"datePublished":"2024-01-05T08:21:27+00:00","dateModified":"2024-08-20T18:42:11+00:00","description":"Fr\u00e9d\u00e9rique MASSON, passionn\u00e9e par le psychisme humain et les effets du cerveau sur nos ressentis form\u00e9e \u00e0 l\u2019Art Th\u00e9rapie.","breadcrumb":{"@id":"https:\/\/cabinet-art-therapie.fr\/#breadcrumb"},"inLanguage":"fr-FR","potentialAction":[{"@type":"ReadAction","target":["https:\/\/cabinet-art-therapie.fr\/"]}]},{"@type":"BreadcrumbList","@id":"https:\/\/cabinet-art-therapie.fr\/#breadcrumb","itemListElement":[{"@type":"ListItem","position":1,"name":"Accueil","item":"https:\/\/cabinet-art-therapie.fr\/"},{"@type":"ListItem","position":2,"name":"L&rsquo;Art Th\u00e9rapie"}]},{"@type":"WebSite","@id":"https:\/\/cabinet-art-therapie.fr\/#website","url":"https:\/\/cabinet-art-therapie.fr\/","name":"Cabinet d'Art Th\u00e9rapie","description":"Cr\u00e9er c&#039;est Agir, Agir c&#039;est se mettre en Mouvement, \u00eatre en Mouvement c&#039;est Vivre","publisher":{"@id":"https:\/\/cabinet-art-therapie.fr\/#organization"},"potentialAction":[{"@type":"SearchAction","target":{"@type":"EntryPoint","urlTemplate":"https:\/\/cabinet-art-therapie.fr\/?s={search_term_string}"},"query-input":"required name=search_term_string"}],"inLanguage":"fr-FR"},{"@type":"Organization","@id":"https:\/\/cabinet-art-therapie.fr\/#organization","name":"Cabinet d'Art Th\u00e9rapie","url":"https:\/\/cabinet-art-therapie.fr\/","logo":{"@type":"ImageObject","inLanguage":"fr-FR","@id":"https:\/\/cabinet-art-therapie.fr\/#\/schema\/logo\/image\/","url":"https:\/\/cabinet-art-therapie.fr\/wp-content\/uploads\/2024\/06\/1714322539760-copie.jpg","contentUrl":"https:\/\/cabinet-art-therapie.fr\/wp-content\/uploads\/2024\/06\/1714322539760-copie.jpg","width":438,"height":440,"caption":"Cabinet d'Art Th\u00e9rapie"},"image":{"@id":"https:\/\/cabinet-art-therapie.fr\/#\/schema\/logo\/image\/"}}]}},"_links":{"self":[{"href":"https:\/\/cabinet-art-therapie.fr\/index.php\/wp-json\/wp\/v2\/pages\/2","targetHints":{"allow":["GET"]}}],"collection":[{"href":"https:\/\/cabinet-art-therapie.fr\/index.php\/wp-json\/wp\/v2\/pages"}],"about":[{"href":"https:\/\/cabinet-art-therapie.fr\/index.php\/wp-json\/wp\/v2\/types\/page"}],"author":[{"embeddable":true,"href":"https:\/\/cabinet-art-therapie.fr\/index.php\/wp-json\/wp\/v2\/users\/1"}],"replies":[{"embeddable":true,"href":"https:\/\/cabinet-art-therapie.fr\/index.php\/wp-json\/wp\/v2\/comments?post=2"}],"version-history":[{"count":2,"href":"https:\/\/cabinet-art-therapie.fr\/index.php\/wp-json\/wp\/v2\/pages\/2\/revisions"}],"predecessor-version":[{"id":68,"href":"https:\/\/cabinet-art-therapie.fr\/index.php\/wp-json\/wp\/v2\/pages\/2\/revisions\/68"}],"wp:attachment":[{"href":"https:\/\/cabinet-art-therapie.fr\/index.php\/wp-json\/wp\/v2\/media?parent=2"}],"curies":[{"name":"wp","href":"https:\/\/api.w.org\/{rel}","templated":true}]}}