{"id":20,"date":"2024-06-17T14:00:34","date_gmt":"2024-06-17T12:00:34","guid":{"rendered":"https:\/\/www.cabinet-art-therapie.fr\/?page_id=20"},"modified":"2024-08-20T21:15:54","modified_gmt":"2024-08-20T19:15:54","slug":"je-suis","status":"publish","type":"page","link":"https:\/\/cabinet-art-therapie.fr\/index.php\/je-suis\/","title":{"rendered":"Je suis"},"content":{"rendered":"<div class=\"wp-block-image is-style-rounded\">\n<figure class=\"aligncenter size-full is-resized\"><img loading=\"lazy\" decoding=\"async\" width=\"438\" height=\"440\" src=\"https:\/\/www.cabinet-art-therapie.fr\/wp-content\/uploads\/2024\/06\/1714322539760-copie.jpg\" alt=\"Fr\u00e9d\u00e9rique MASSON - Art Th\u00e9rapeute\" class=\"wp-image-31\" style=\"width:225px;height:auto\" srcset=\"https:\/\/cabinet-art-therapie.fr\/wp-content\/uploads\/2024\/06\/1714322539760-copie.jpg 438w, https:\/\/cabinet-art-therapie.fr\/wp-content\/uploads\/2024\/06\/1714322539760-copie-300x300.jpg 300w, https:\/\/cabinet-art-therapie.fr\/wp-content\/uploads\/2024\/06\/1714322539760-copie-150x150.jpg 150w, https:\/\/cabinet-art-therapie.fr\/wp-content\/uploads\/2024\/06\/1714322539760-copie-299x300.jpg 299w\" sizes=\"auto, (max-width: 438px) 100vw, 438px\" \/><\/figure>\n<\/div>\n\n\n<p>Fr\u00e9d\u00e9rique MASSON,<\/p>\n\n\n\n<p>Passionn\u00e9e, depuis mon enfance, par le psychisme humain et les effets du cerveau sur nos ressentis, c\u2019est une psychoth\u00e9rapie personnelle qui m\u2019a amen\u00e9e \u00e0 me former \u00e0 l\u2019Art Th\u00e9rapie.<\/p>\n\n\n\n<p>Cette exploration au plus profond de moi-m\u00eame a l\u00e9gitim\u00e9 ma compr\u00e9hension de l\u2019\u00eatre humain et de ses m\u00e9canismes psychiques.<\/p>\n\n\n\n<p>Ajouter la pratique r\u00e9guli\u00e8re du modelage sur argile, m\u2019a \u00e9galement permis de prendre conscience du pouvoir apaisant et bien r\u00e9el de la pratique artistique et de son impact sur les \u00e9motions.<\/p>\n\n\n\n<p>Au cours de ma&nbsp; longue exp\u00e9rience dans le domaine judiciaire, il&nbsp; m\u2019a \u00e9t\u00e9 loisible de constater combien il est difficile pour certains d\u2019entre nous, de faire face aux al\u00e9as de la vie, tant la difficult\u00e9 peut paraitre insurmontable \u2026 et pourtant, elle ne l\u2019est pas \u2026<\/p>\n\n\n\n<p>Empathie, Energie, Libert\u00e9, me permettent aujourd\u2019hui de vous accompagner sur le chemin du mieux \u00eatre, du bien \u00eatre, de l\u2019apaisement, de la s\u00e9r\u00e9nit\u00e9, et\/ou de la rencontre avec vous-m\u00eame\u2026<\/p>\n\n\n\n<div class=\"wp-block-columns is-layout-flex wp-container-core-columns-is-layout-9d6595d7 wp-block-columns-is-layout-flex\">\n<div class=\"wp-block-column is-layout-flow wp-block-column-is-layout-flow\" style=\"flex-basis:100%\"><\/div>\n<\/div>\n","protected":false},"excerpt":{"rendered":"<p>Fr\u00e9d\u00e9rique MASSON, Passionn\u00e9e, depuis mon enfance, par le psychisme humain et les effets du cerveau sur nos ressentis, c\u2019est une psychoth\u00e9rapie personnelle qui m\u2019a amen\u00e9e &hellip;<\/p>\n","protected":false},"author":1,"featured_media":0,"parent":0,"menu_order":0,"comment_status":"closed","ping_status":"closed","template":"","meta":{"footnotes":""},"class_list":["post-20","page","type-page","status-publish","hentry"],"yoast_head":"<!-- This site is optimized with the Yoast SEO plugin v23.3 - https:\/\/yoast.com\/wordpress\/plugins\/seo\/ -->\n<title>Je suis Fr\u00e9d\u00e9rique MASSON - Cabinet d&#039;Art Th\u00e9rapie<\/title>\n<meta name=\"description\" content=\"Je suis Fr\u00e9d\u00e9rique MASSON, Art Th\u00e9rapeute, passionn\u00e9e par le psychisme humain et les effets du cerveau sur nos ressentis\" \/>\n<meta name=\"robots\" content=\"index, follow, max-snippet:-1, max-image-preview:large, max-video-preview:-1\" \/>\n<link rel=\"canonical\" href=\"https:\/\/cabinet-art-therapie.fr\/index.php\/je-suis\/\" \/>\n<meta property=\"og:locale\" content=\"fr_FR\" \/>\n<meta property=\"og:type\" content=\"article\" \/>\n<meta property=\"og:title\" content=\"Je suis Fr\u00e9d\u00e9rique MASSON - Cabinet d&#039;Art Th\u00e9rapie\" \/>\n<meta property=\"og:description\" content=\"Je suis Fr\u00e9d\u00e9rique MASSON, Art Th\u00e9rapeute, passionn\u00e9e par le psychisme humain et les effets du cerveau sur nos ressentis\" \/>\n<meta property=\"og:url\" content=\"https:\/\/cabinet-art-therapie.fr\/index.php\/je-suis\/\" \/>\n<meta property=\"og:site_name\" content=\"Cabinet d&#039;Art Th\u00e9rapie\" \/>\n<meta property=\"article:modified_time\" content=\"2024-08-20T19:15:54+00:00\" \/>\n<meta property=\"og:image\" content=\"https:\/\/www.cabinet-art-therapie.fr\/wp-content\/uploads\/2024\/06\/1714322539760-copie.jpg\" \/>\n<meta name=\"twitter:card\" content=\"summary_large_image\" \/>\n<meta name=\"twitter:label1\" content=\"Dur\u00e9e de lecture estim\u00e9e\" \/>\n\t<meta name=\"twitter:data1\" content=\"1 minute\" \/>\n<script type=\"application\/ld+json\" class=\"yoast-schema-graph\">{\"@context\":\"https:\/\/schema.org\",\"@graph\":[{\"@type\":\"WebPage\",\"@id\":\"https:\/\/cabinet-art-therapie.fr\/index.php\/je-suis\/\",\"url\":\"https:\/\/cabinet-art-therapie.fr\/index.php\/je-suis\/\",\"name\":\"Je suis Fr\u00e9d\u00e9rique MASSON - Cabinet d&#039;Art Th\u00e9rapie\",\"isPartOf\":{\"@id\":\"https:\/\/cabinet-art-therapie.fr\/#website\"},\"primaryImageOfPage\":{\"@id\":\"https:\/\/cabinet-art-therapie.fr\/index.php\/je-suis\/#primaryimage\"},\"image\":{\"@id\":\"https:\/\/cabinet-art-therapie.fr\/index.php\/je-suis\/#primaryimage\"},\"thumbnailUrl\":\"https:\/\/www.cabinet-art-therapie.fr\/wp-content\/uploads\/2024\/06\/1714322539760-copie.jpg\",\"datePublished\":\"2024-06-17T12:00:34+00:00\",\"dateModified\":\"2024-08-20T19:15:54+00:00\",\"description\":\"Je suis Fr\u00e9d\u00e9rique MASSON, Art Th\u00e9rapeute, passionn\u00e9e par le psychisme humain et les effets du cerveau sur nos ressentis\",\"breadcrumb\":{\"@id\":\"https:\/\/cabinet-art-therapie.fr\/index.php\/je-suis\/#breadcrumb\"},\"inLanguage\":\"fr-FR\",\"potentialAction\":[{\"@type\":\"ReadAction\",\"target\":[\"https:\/\/cabinet-art-therapie.fr\/index.php\/je-suis\/\"]}]},{\"@type\":\"ImageObject\",\"inLanguage\":\"fr-FR\",\"@id\":\"https:\/\/cabinet-art-therapie.fr\/index.php\/je-suis\/#primaryimage\",\"url\":\"https:\/\/www.cabinet-art-therapie.fr\/wp-content\/uploads\/2024\/06\/1714322539760-copie.jpg\",\"contentUrl\":\"https:\/\/www.cabinet-art-therapie.fr\/wp-content\/uploads\/2024\/06\/1714322539760-copie.jpg\"},{\"@type\":\"BreadcrumbList\",\"@id\":\"https:\/\/cabinet-art-therapie.fr\/index.php\/je-suis\/#breadcrumb\",\"itemListElement\":[{\"@type\":\"ListItem\",\"position\":1,\"name\":\"Accueil\",\"item\":\"https:\/\/cabinet-art-therapie.fr\/\"},{\"@type\":\"ListItem\",\"position\":2,\"name\":\"Je suis\"}]},{\"@type\":\"WebSite\",\"@id\":\"https:\/\/cabinet-art-therapie.fr\/#website\",\"url\":\"https:\/\/cabinet-art-therapie.fr\/\",\"name\":\"Cabinet d'Art Th\u00e9rapie\",\"description\":\"Cr\u00e9er c&#039;est Agir, Agir c&#039;est se mettre en Mouvement, \u00eatre en Mouvement c&#039;est Vivre\",\"publisher\":{\"@id\":\"https:\/\/cabinet-art-therapie.fr\/#organization\"},\"potentialAction\":[{\"@type\":\"SearchAction\",\"target\":{\"@type\":\"EntryPoint\",\"urlTemplate\":\"https:\/\/cabinet-art-therapie.fr\/?s={search_term_string}\"},\"query-input\":\"required name=search_term_string\"}],\"inLanguage\":\"fr-FR\"},{\"@type\":\"Organization\",\"@id\":\"https:\/\/cabinet-art-therapie.fr\/#organization\",\"name\":\"Cabinet d'Art Th\u00e9rapie\",\"url\":\"https:\/\/cabinet-art-therapie.fr\/\",\"logo\":{\"@type\":\"ImageObject\",\"inLanguage\":\"fr-FR\",\"@id\":\"https:\/\/cabinet-art-therapie.fr\/#\/schema\/logo\/image\/\",\"url\":\"https:\/\/cabinet-art-therapie.fr\/wp-content\/uploads\/2024\/06\/1714322539760-copie.jpg\",\"contentUrl\":\"https:\/\/cabinet-art-therapie.fr\/wp-content\/uploads\/2024\/06\/1714322539760-copie.jpg\",\"width\":438,\"height\":440,\"caption\":\"Cabinet d'Art Th\u00e9rapie\"},\"image\":{\"@id\":\"https:\/\/cabinet-art-therapie.fr\/#\/schema\/logo\/image\/\"}}]}<\/script>\n<!-- \/ Yoast SEO plugin. -->","yoast_head_json":{"title":"Je suis Fr\u00e9d\u00e9rique MASSON - Cabinet d&#039;Art Th\u00e9rapie","description":"Je suis Fr\u00e9d\u00e9rique MASSON, Art Th\u00e9rapeute, passionn\u00e9e par le psychisme humain et les effets du cerveau sur nos ressentis","robots":{"index":"index","follow":"follow","max-snippet":"max-snippet:-1","max-image-preview":"max-image-preview:large","max-video-preview":"max-video-preview:-1"},"canonical":"https:\/\/cabinet-art-therapie.fr\/index.php\/je-suis\/","og_locale":"fr_FR","og_type":"article","og_title":"Je suis Fr\u00e9d\u00e9rique MASSON - Cabinet d&#039;Art Th\u00e9rapie","og_description":"Je suis Fr\u00e9d\u00e9rique MASSON, Art Th\u00e9rapeute, passionn\u00e9e par le psychisme humain et les effets du cerveau sur nos ressentis","og_url":"https:\/\/cabinet-art-therapie.fr\/index.php\/je-suis\/","og_site_name":"Cabinet d&#039;Art Th\u00e9rapie","article_modified_time":"2024-08-20T19:15:54+00:00","og_image":[{"url":"https:\/\/www.cabinet-art-therapie.fr\/wp-content\/uploads\/2024\/06\/1714322539760-copie.jpg"}],"twitter_card":"summary_large_image","twitter_misc":{"Dur\u00e9e de lecture estim\u00e9e":"1 minute"},"schema":{"@context":"https:\/\/schema.org","@graph":[{"@type":"WebPage","@id":"https:\/\/cabinet-art-therapie.fr\/index.php\/je-suis\/","url":"https:\/\/cabinet-art-therapie.fr\/index.php\/je-suis\/","name":"Je suis Fr\u00e9d\u00e9rique MASSON - Cabinet d&#039;Art Th\u00e9rapie","isPartOf":{"@id":"https:\/\/cabinet-art-therapie.fr\/#website"},"primaryImageOfPage":{"@id":"https:\/\/cabinet-art-therapie.fr\/index.php\/je-suis\/#primaryimage"},"image":{"@id":"https:\/\/cabinet-art-therapie.fr\/index.php\/je-suis\/#primaryimage"},"thumbnailUrl":"https:\/\/www.cabinet-art-therapie.fr\/wp-content\/uploads\/2024\/06\/1714322539760-copie.jpg","datePublished":"2024-06-17T12:00:34+00:00","dateModified":"2024-08-20T19:15:54+00:00","description":"Je suis Fr\u00e9d\u00e9rique MASSON, Art Th\u00e9rapeute, passionn\u00e9e par le psychisme humain et les effets du cerveau sur nos ressentis","breadcrumb":{"@id":"https:\/\/cabinet-art-therapie.fr\/index.php\/je-suis\/#breadcrumb"},"inLanguage":"fr-FR","potentialAction":[{"@type":"ReadAction","target":["https:\/\/cabinet-art-therapie.fr\/index.php\/je-suis\/"]}]},{"@type":"ImageObject","inLanguage":"fr-FR","@id":"https:\/\/cabinet-art-therapie.fr\/index.php\/je-suis\/#primaryimage","url":"https:\/\/www.cabinet-art-therapie.fr\/wp-content\/uploads\/2024\/06\/1714322539760-copie.jpg","contentUrl":"https:\/\/www.cabinet-art-therapie.fr\/wp-content\/uploads\/2024\/06\/1714322539760-copie.jpg"},{"@type":"BreadcrumbList","@id":"https:\/\/cabinet-art-therapie.fr\/index.php\/je-suis\/#breadcrumb","itemListElement":[{"@type":"ListItem","position":1,"name":"Accueil","item":"https:\/\/cabinet-art-therapie.fr\/"},{"@type":"ListItem","position":2,"name":"Je suis"}]},{"@type":"WebSite","@id":"https:\/\/cabinet-art-therapie.fr\/#website","url":"https:\/\/cabinet-art-therapie.fr\/","name":"Cabinet d'Art Th\u00e9rapie","description":"Cr\u00e9er c&#039;est Agir, Agir c&#039;est se mettre en Mouvement, \u00eatre en Mouvement c&#039;est Vivre","publisher":{"@id":"https:\/\/cabinet-art-therapie.fr\/#organization"},"potentialAction":[{"@type":"SearchAction","target":{"@type":"EntryPoint","urlTemplate":"https:\/\/cabinet-art-therapie.fr\/?s={search_term_string}"},"query-input":"required name=search_term_string"}],"inLanguage":"fr-FR"},{"@type":"Organization","@id":"https:\/\/cabinet-art-therapie.fr\/#organization","name":"Cabinet d'Art Th\u00e9rapie","url":"https:\/\/cabinet-art-therapie.fr\/","logo":{"@type":"ImageObject","inLanguage":"fr-FR","@id":"https:\/\/cabinet-art-therapie.fr\/#\/schema\/logo\/image\/","url":"https:\/\/cabinet-art-therapie.fr\/wp-content\/uploads\/2024\/06\/1714322539760-copie.jpg","contentUrl":"https:\/\/cabinet-art-therapie.fr\/wp-content\/uploads\/2024\/06\/1714322539760-copie.jpg","width":438,"height":440,"caption":"Cabinet d'Art Th\u00e9rapie"},"image":{"@id":"https:\/\/cabinet-art-therapie.fr\/#\/schema\/logo\/image\/"}}]}},"_links":{"self":[{"href":"https:\/\/cabinet-art-therapie.fr\/index.php\/wp-json\/wp\/v2\/pages\/20","targetHints":{"allow":["GET"]}}],"collection":[{"href":"https:\/\/cabinet-art-therapie.fr\/index.php\/wp-json\/wp\/v2\/pages"}],"about":[{"href":"https:\/\/cabinet-art-therapie.fr\/index.php\/wp-json\/wp\/v2\/types\/page"}],"author":[{"embeddable":true,"href":"https:\/\/cabinet-art-therapie.fr\/index.php\/wp-json\/wp\/v2\/users\/1"}],"replies":[{"embeddable":true,"href":"https:\/\/cabinet-art-therapie.fr\/index.php\/wp-json\/wp\/v2\/comments?post=20"}],"version-history":[{"count":8,"href":"https:\/\/cabinet-art-therapie.fr\/index.php\/wp-json\/wp\/v2\/pages\/20\/revisions"}],"predecessor-version":[{"id":72,"href":"https:\/\/cabinet-art-therapie.fr\/index.php\/wp-json\/wp\/v2\/pages\/20\/revisions\/72"}],"wp:attachment":[{"href":"https:\/\/cabinet-art-therapie.fr\/index.php\/wp-json\/wp\/v2\/media?parent=20"}],"curies":[{"name":"wp","href":"https:\/\/api.w.org\/{rel}","templated":true}]}}