{"id":22,"date":"2024-06-17T14:07:17","date_gmt":"2024-06-17T12:07:17","guid":{"rendered":"https:\/\/www.cabinet-art-therapie.fr\/?page_id=22"},"modified":"2024-08-18T18:22:30","modified_gmt":"2024-08-18T16:22:30","slug":"tarifs-et-rendez-vous","status":"publish","type":"page","link":"https:\/\/cabinet-art-therapie.fr\/index.php\/tarifs-et-rendez-vous\/","title":{"rendered":"Tarifs et rendez-vous"},"content":{"rendered":"\n<h2 class=\"wp-block-heading\">Tarifs<\/h2>\n\n\n\n<figure class=\"wp-block-table\"><table><tbody><tr><td>Consultation (environ 1h)<\/td><td>40\u20ac<\/td><\/tr><tr><td>S\u00e9ance atelier adulte (environ 1h30)<\/td><td>60\u20ac<\/td><\/tr><tr><td>S\u00e9ance atelier enfant (environ 1h)<\/td><td>40\u20ac<\/td><\/tr><tr><td>S\u00e9ance atelier groupe<\/td><td>35\u20ac\/pers (2 \u00e0 6pers)<\/td><\/tr><tr><td>S\u00e9ances \u00e0 domicile ou en \u00e9tablissement<\/td><td>sur devis<\/td><\/tr><\/tbody><\/table><\/figure>\n\n\n\n<p>Prise en charge \u00e9ventuelle par votre mutuelle<\/p>\n\n\n\n<h2 class=\"wp-block-heading\">Prendre votre rendez-vous<\/h2>\n\n\n\n<p>Vous pouvez prendre rendez-vous via <a href=\"https:\/\/www.resalib.fr\/praticien\/89839-masson-frederique-art-therapeute-mauguio\"><strong>RESALIB<\/strong><\/a> en cliquant sur le lien <a href=\"https:\/\/www.resalib.fr\/praticien\/89839-masson-frederique-art-therapeute-mauguio\">https:\/\/www.resalib.fr\/praticien\/89839-masson-frederique-art-therapeute-mauguio<\/a><\/p>\n","protected":false},"excerpt":{"rendered":"<p>Tarifs Consultation (environ 1h) 40\u20ac S\u00e9ance atelier adulte (environ 1h30) 60\u20ac S\u00e9ance atelier enfant (environ 1h) 40\u20ac S\u00e9ance atelier groupe 35\u20ac\/pers (2 \u00e0 6pers) S\u00e9ances &hellip;<\/p>\n","protected":false},"author":1,"featured_media":0,"parent":0,"menu_order":0,"comment_status":"closed","ping_status":"closed","template":"","meta":{"footnotes":""},"class_list":["post-22","page","type-page","status-publish","hentry"],"yoast_head":"<!-- This site is optimized with the Yoast SEO plugin v23.3 - https:\/\/yoast.com\/wordpress\/plugins\/seo\/ -->\n<title>Tarifs et rendez-vous - Cabinet d&#039;Art Th\u00e9rapie<\/title>\n<meta name=\"robots\" content=\"index, follow, max-snippet:-1, max-image-preview:large, max-video-preview:-1\" \/>\n<link rel=\"canonical\" href=\"https:\/\/cabinet-art-therapie.fr\/index.php\/tarifs-et-rendez-vous\/\" \/>\n<meta property=\"og:locale\" content=\"fr_FR\" \/>\n<meta property=\"og:type\" content=\"article\" \/>\n<meta property=\"og:title\" content=\"Tarifs et rendez-vous - Cabinet d&#039;Art Th\u00e9rapie\" \/>\n<meta property=\"og:description\" content=\"Tarifs Consultation (environ 1h) 40\u20ac S\u00e9ance atelier adulte (environ 1h30) 60\u20ac S\u00e9ance atelier enfant (environ 1h) 40\u20ac S\u00e9ance atelier groupe 35\u20ac\/pers (2 \u00e0 6pers) S\u00e9ances &hellip;\" \/>\n<meta property=\"og:url\" content=\"https:\/\/cabinet-art-therapie.fr\/index.php\/tarifs-et-rendez-vous\/\" \/>\n<meta property=\"og:site_name\" content=\"Cabinet d&#039;Art Th\u00e9rapie\" \/>\n<meta property=\"article:modified_time\" content=\"2024-08-18T16:22:30+00:00\" \/>\n<meta name=\"twitter:card\" content=\"summary_large_image\" \/>\n<script type=\"application\/ld+json\" class=\"yoast-schema-graph\">{\"@context\":\"https:\/\/schema.org\",\"@graph\":[{\"@type\":\"WebPage\",\"@id\":\"https:\/\/cabinet-art-therapie.fr\/index.php\/tarifs-et-rendez-vous\/\",\"url\":\"https:\/\/cabinet-art-therapie.fr\/index.php\/tarifs-et-rendez-vous\/\",\"name\":\"Tarifs et rendez-vous - Cabinet d&#039;Art Th\u00e9rapie\",\"isPartOf\":{\"@id\":\"https:\/\/cabinet-art-therapie.fr\/#website\"},\"datePublished\":\"2024-06-17T12:07:17+00:00\",\"dateModified\":\"2024-08-18T16:22:30+00:00\",\"breadcrumb\":{\"@id\":\"https:\/\/cabinet-art-therapie.fr\/index.php\/tarifs-et-rendez-vous\/#breadcrumb\"},\"inLanguage\":\"fr-FR\",\"potentialAction\":[{\"@type\":\"ReadAction\",\"target\":[\"https:\/\/cabinet-art-therapie.fr\/index.php\/tarifs-et-rendez-vous\/\"]}]},{\"@type\":\"BreadcrumbList\",\"@id\":\"https:\/\/cabinet-art-therapie.fr\/index.php\/tarifs-et-rendez-vous\/#breadcrumb\",\"itemListElement\":[{\"@type\":\"ListItem\",\"position\":1,\"name\":\"Accueil\",\"item\":\"https:\/\/cabinet-art-therapie.fr\/\"},{\"@type\":\"ListItem\",\"position\":2,\"name\":\"Tarifs et rendez-vous\"}]},{\"@type\":\"WebSite\",\"@id\":\"https:\/\/cabinet-art-therapie.fr\/#website\",\"url\":\"https:\/\/cabinet-art-therapie.fr\/\",\"name\":\"Cabinet d'Art Th\u00e9rapie\",\"description\":\"Cr\u00e9er c&#039;est Agir, Agir c&#039;est se mettre en Mouvement, \u00eatre en Mouvement c&#039;est Vivre\",\"publisher\":{\"@id\":\"https:\/\/cabinet-art-therapie.fr\/#organization\"},\"potentialAction\":[{\"@type\":\"SearchAction\",\"target\":{\"@type\":\"EntryPoint\",\"urlTemplate\":\"https:\/\/cabinet-art-therapie.fr\/?s={search_term_string}\"},\"query-input\":\"required name=search_term_string\"}],\"inLanguage\":\"fr-FR\"},{\"@type\":\"Organization\",\"@id\":\"https:\/\/cabinet-art-therapie.fr\/#organization\",\"name\":\"Cabinet d'Art Th\u00e9rapie\",\"url\":\"https:\/\/cabinet-art-therapie.fr\/\",\"logo\":{\"@type\":\"ImageObject\",\"inLanguage\":\"fr-FR\",\"@id\":\"https:\/\/cabinet-art-therapie.fr\/#\/schema\/logo\/image\/\",\"url\":\"https:\/\/cabinet-art-therapie.fr\/wp-content\/uploads\/2024\/06\/1714322539760-copie.jpg\",\"contentUrl\":\"https:\/\/cabinet-art-therapie.fr\/wp-content\/uploads\/2024\/06\/1714322539760-copie.jpg\",\"width\":438,\"height\":440,\"caption\":\"Cabinet d'Art Th\u00e9rapie\"},\"image\":{\"@id\":\"https:\/\/cabinet-art-therapie.fr\/#\/schema\/logo\/image\/\"}}]}<\/script>\n<!-- \/ Yoast SEO plugin. -->","yoast_head_json":{"title":"Tarifs et rendez-vous - Cabinet d&#039;Art Th\u00e9rapie","robots":{"index":"index","follow":"follow","max-snippet":"max-snippet:-1","max-image-preview":"max-image-preview:large","max-video-preview":"max-video-preview:-1"},"canonical":"https:\/\/cabinet-art-therapie.fr\/index.php\/tarifs-et-rendez-vous\/","og_locale":"fr_FR","og_type":"article","og_title":"Tarifs et rendez-vous - Cabinet d&#039;Art Th\u00e9rapie","og_description":"Tarifs Consultation (environ 1h) 40\u20ac S\u00e9ance atelier adulte (environ 1h30) 60\u20ac S\u00e9ance atelier enfant (environ 1h) 40\u20ac S\u00e9ance atelier groupe 35\u20ac\/pers (2 \u00e0 6pers) S\u00e9ances &hellip;","og_url":"https:\/\/cabinet-art-therapie.fr\/index.php\/tarifs-et-rendez-vous\/","og_site_name":"Cabinet d&#039;Art Th\u00e9rapie","article_modified_time":"2024-08-18T16:22:30+00:00","twitter_card":"summary_large_image","schema":{"@context":"https:\/\/schema.org","@graph":[{"@type":"WebPage","@id":"https:\/\/cabinet-art-therapie.fr\/index.php\/tarifs-et-rendez-vous\/","url":"https:\/\/cabinet-art-therapie.fr\/index.php\/tarifs-et-rendez-vous\/","name":"Tarifs et rendez-vous - Cabinet d&#039;Art Th\u00e9rapie","isPartOf":{"@id":"https:\/\/cabinet-art-therapie.fr\/#website"},"datePublished":"2024-06-17T12:07:17+00:00","dateModified":"2024-08-18T16:22:30+00:00","breadcrumb":{"@id":"https:\/\/cabinet-art-therapie.fr\/index.php\/tarifs-et-rendez-vous\/#breadcrumb"},"inLanguage":"fr-FR","potentialAction":[{"@type":"ReadAction","target":["https:\/\/cabinet-art-therapie.fr\/index.php\/tarifs-et-rendez-vous\/"]}]},{"@type":"BreadcrumbList","@id":"https:\/\/cabinet-art-therapie.fr\/index.php\/tarifs-et-rendez-vous\/#breadcrumb","itemListElement":[{"@type":"ListItem","position":1,"name":"Accueil","item":"https:\/\/cabinet-art-therapie.fr\/"},{"@type":"ListItem","position":2,"name":"Tarifs et rendez-vous"}]},{"@type":"WebSite","@id":"https:\/\/cabinet-art-therapie.fr\/#website","url":"https:\/\/cabinet-art-therapie.fr\/","name":"Cabinet d'Art Th\u00e9rapie","description":"Cr\u00e9er c&#039;est Agir, Agir c&#039;est se mettre en Mouvement, \u00eatre en Mouvement c&#039;est Vivre","publisher":{"@id":"https:\/\/cabinet-art-therapie.fr\/#organization"},"potentialAction":[{"@type":"SearchAction","target":{"@type":"EntryPoint","urlTemplate":"https:\/\/cabinet-art-therapie.fr\/?s={search_term_string}"},"query-input":"required name=search_term_string"}],"inLanguage":"fr-FR"},{"@type":"Organization","@id":"https:\/\/cabinet-art-therapie.fr\/#organization","name":"Cabinet d'Art Th\u00e9rapie","url":"https:\/\/cabinet-art-therapie.fr\/","logo":{"@type":"ImageObject","inLanguage":"fr-FR","@id":"https:\/\/cabinet-art-therapie.fr\/#\/schema\/logo\/image\/","url":"https:\/\/cabinet-art-therapie.fr\/wp-content\/uploads\/2024\/06\/1714322539760-copie.jpg","contentUrl":"https:\/\/cabinet-art-therapie.fr\/wp-content\/uploads\/2024\/06\/1714322539760-copie.jpg","width":438,"height":440,"caption":"Cabinet d'Art Th\u00e9rapie"},"image":{"@id":"https:\/\/cabinet-art-therapie.fr\/#\/schema\/logo\/image\/"}}]}},"_links":{"self":[{"href":"https:\/\/cabinet-art-therapie.fr\/index.php\/wp-json\/wp\/v2\/pages\/22","targetHints":{"allow":["GET"]}}],"collection":[{"href":"https:\/\/cabinet-art-therapie.fr\/index.php\/wp-json\/wp\/v2\/pages"}],"about":[{"href":"https:\/\/cabinet-art-therapie.fr\/index.php\/wp-json\/wp\/v2\/types\/page"}],"author":[{"embeddable":true,"href":"https:\/\/cabinet-art-therapie.fr\/index.php\/wp-json\/wp\/v2\/users\/1"}],"replies":[{"embeddable":true,"href":"https:\/\/cabinet-art-therapie.fr\/index.php\/wp-json\/wp\/v2\/comments?post=22"}],"version-history":[{"count":4,"href":"https:\/\/cabinet-art-therapie.fr\/index.php\/wp-json\/wp\/v2\/pages\/22\/revisions"}],"predecessor-version":[{"id":55,"href":"https:\/\/cabinet-art-therapie.fr\/index.php\/wp-json\/wp\/v2\/pages\/22\/revisions\/55"}],"wp:attachment":[{"href":"https:\/\/cabinet-art-therapie.fr\/index.php\/wp-json\/wp\/v2\/media?parent=22"}],"curies":[{"name":"wp","href":"https:\/\/api.w.org\/{rel}","templated":true}]}}